{"id":18844,"date":"2018-12-21T17:29:52","date_gmt":"2018-12-21T16:29:52","guid":{"rendered":"https:\/\/wyschiff.ch\/impronta-e-protezione-dei-dati\/"},"modified":"2025-03-31T09:28:42","modified_gmt":"2025-03-31T07:28:42","slug":"impronta-e-protezione-dei-dati","status":"publish","type":"page","link":"https:\/\/wyschiff.ch\/it\/impronta-e-protezione-dei-dati\/","title":{"rendered":"Impronta e protezione dei dati"},"content":{"rendered":"<div class=\"fusion-fullwidth fullwidth-box fusion-builder-row-1 nonhundred-percent-fullwidth non-hundred-percent-height-scrolling\" style=\"--awb-border-radius-top-left:0px;--awb-border-radius-top-right:0px;--awb-border-radius-bottom-right:0px;--awb-border-radius-bottom-left:0px;--awb-flex-wrap:wrap;\" ><div class=\"fusion-builder-row fusion-row\"><div class=\"fusion-layout-column fusion_builder_column fusion-builder-column-0 fusion_builder_column_1_1 1_1 fusion-one-full fusion-column-first fusion-column-last\" style=\"--awb-bg-size:cover;--awb-margin-bottom:0px;\"><div class=\"fusion-column-wrapper fusion-flex-column-wrapper-legacy\"><div class=\"fusion-sep-clear\"><\/div><div class=\"fusion-separator fusion-full-width-sep\" style=\"margin-left: auto;margin-right: auto;margin-top:20px;margin-bottom:20px;width:100%;\"><\/div><div class=\"fusion-sep-clear\"><\/div><div class=\"fusion-text fusion-text-1\"><p><strong>Chi siamo<\/strong><\/p>\n<p>Associazione svizzera dei viticoltori WySchiff \/ Erdbeergraben 5 \/ 4102 Binningen<\/p>\n<p>E-mail: info@wyschiff.ch<\/p>\n<p><strong>Nota generale<\/strong><\/p>\n<p>La nostra politica sulla privacy ha lo scopo di spiegare come gestiamo i dati personali. Il trattamento responsabile dei dati \u00e8 un fattore importante quando si utilizza questo sito web. Apportiamo costantemente modifiche per garantire che i dati personali siano protetti nel miglior modo possibile.<br \/>In collaborazione con i nostri fornitori di hosting, cerchiamo di proteggere i database nel miglior modo possibile da accessi non autorizzati, perdita, uso improprio o falsificazione.<br \/>Desideriamo sottolineare che la trasmissione dei dati su Internet (ad esempio, quando si comunica via e-mail) pu\u00f2 essere soggetta a vulnerabilit\u00e0 di sicurezza. Una protezione completa dei dati contro l&#8217;accesso da parte di terzi non \u00e8 possibile.   <\/p>\n<p>Utilizzando questo sito web, acconsenti alla raccolta, all&#8217;elaborazione e all&#8217;utilizzo dei dati in conformit\u00e0 con la seguente descrizione. Questo sito web \u00e8 generalmente visitabile senza registrazione. Dati quali le pagine richiamate o il nome del file richiamato, la data e l&#8217;ora possono essere memorizzati sul server a fini statistici senza che questi dati siano direttamente collegati alla tua persona. I dati personali, in particolare il nome, l&#8217;indirizzo o l&#8217;indirizzo e-mail, sono raccolti su base volontaria per quanto possibile. Nessun dato sar\u00e0 trasmesso a terzi senza il tuo consenso.    <\/p>\n<p><strong>Scopo di questo sito web<\/strong><\/p>\n<p>L&#8217;associazione WySchiff Schweizer Winzer gestisce questo sito web per fornire informazioni sull&#8217;azienda e per consentirti di contattarla. Riceviamo informazioni personali quando ci contatti tramite il modulo di contatto. Trattiamo i tuoi dati al meglio delle nostre conoscenze e convinzioni e solo in conformit\u00e0 alla presente informativa sulla privacy e alla legge svizzera sulla protezione dei dati.  <\/p>\n<p><strong>Utilizzo dei social media<\/strong><\/p>\n<p>Se visiti i canali di social media collegati al nostro sito web, verrai reindirizzato alle rispettive piattaforme. I fornitori di queste piattaforme vedranno che sei arrivato dal nostro sito web. I fornitori di social media utilizzano questi dati per i loro scopi. Possiamo solo informarti che questo accade, ma non sappiamo come vengono gestiti questi dati dai provider dei social media.   <\/p>\n<p>L&#8217;utilizzo di pixel da parte dei fornitori di social media \u00e8 possibile a seconda della situazione. Vengono raccolti gli stessi dati che vengono elaborati nei file di log del server e la raccolta non pu\u00f2 essere impedita. <\/p>\n<p><strong>Utilizzo dei cookie<\/strong><\/p>\n<p>&#8220;Questo sito web utilizza i cookie. I cookie sono piccoli file di testo che vengono memorizzati in modo permanente o temporaneo sul tuo computer quando visiti questo sito web. Lo scopo dei cookie \u00e8 in particolare quello di analizzare l&#8217;utilizzo di questo sito web a fini di valutazione statistica e di miglioramento continuo.  <\/p>\n<p>Puoi disattivare i cookie completamente o parzialmente nelle impostazioni del tuo browser in qualsiasi momento. Se i cookie vengono disattivati, potresti non essere pi\u00f9 in grado di utilizzare tutte le funzioni di questo sito web.&#8221; <\/p>\n<p><strong>Trattamento dei dati personali<\/strong><\/p>\n<p>I dati personali sono tutte le informazioni relative a una persona identificata o identificabile. L&#8217;interessato \u00e8 una persona sulla quale vengono elaborati i dati personali. L&#8217;elaborazione comprende qualsiasi trattamento dei dati personali, indipendentemente dai mezzi e dalle procedure utilizzate, in particolare l&#8217;archiviazione, la divulgazione, il reperimento, la cancellazione, la conservazione, la modifica, la distruzione e l&#8217;utilizzo dei dati personali.  <\/p>\n<p>Trattiamo i dati personali in conformit\u00e0 alla legge svizzera sulla protezione dei dati. Inoltre, trattiamo i dati personali in conformit\u00e0 con le seguenti basi giuridiche in relazione all&#8217;art. 6 par. 1 GDPR, nella misura in cui il GDPR UE \u00e8 applicabile:  <\/p>\n<p>lit. a) Trattamento dei dati personali con il consenso dell&#8217;interessato.<br \/>lit. b) Trattamento dei dati personali per l&#8217;adempimento di un contratto con l&#8217;interessato e per l&#8217;attuazione di misure precontrattuali corrispondenti.<br \/>lit. c) Trattamento dei dati personali per l&#8217;adempimento di un obbligo legale a cui siamo soggetti ai sensi di una legge dell&#8217;UE applicabile o di una legge di un paese in cui il GDPR \u00e8 applicabile in tutto o in parte.<br \/>lit. d) Trattamento dei dati personali al fine di proteggere gli interessi vitali dell&#8217;interessato o di un&#8217;altra persona fisica.<br \/>lit.     f) Elaborazione dei dati personali al fine di proteggere i legittimi interessi nostri o di terzi, a meno che non prevalgano le libert\u00e0 fondamentali, i diritti e gli interessi della persona interessata. I legittimi interessi sono, in particolare, il nostro interesse commerciale a fornire il nostro sito web, la sicurezza delle informazioni, l&#8217;applicazione dei nostri diritti legali e il rispetto della legge svizzera. <\/p>\n<p>Trattiamo i dati personali per la durata necessaria al rispettivo scopo o scopi. In caso di obblighi di conservazione a lungo termine dovuti a obblighi legali o di altro tipo a cui siamo soggetti, limitiamo il trattamento di conseguenza. <\/p>\n<p><strong>Informativa sulla privacy per la crittografia SSL<\/strong><\/p>\n<p>Questo sito web utilizza la crittografia SSL per motivi di sicurezza e per proteggere la trasmissione di contenuti riservati, come le richieste di informazioni che ci invii in qualit\u00e0 di gestore del sito. Puoi riconoscere una connessione crittografata dal fatto che la riga dell&#8217;indirizzo del browser passa da &#8220;http:\/\/&#8221; a &#8220;https:\/\/&#8221; e dal simbolo del lucchetto nella riga del browser. <\/p>\n<p>Se la crittografia SSL \u00e8 attivata, i dati che ci trasmetti non possono essere letti da terzi.<\/p>\n<p><strong>Informativa sulla privacy per i file di log del server<\/strong><\/p>\n<p>Il fornitore di questo sito web raccoglie e memorizza automaticamente le informazioni nei cosiddetti file di log del server, che il tuo browser ci trasmette automaticamente. Questi sono <\/p>\n<p>Tipo e versione del browser<br \/>Sistema operativo utilizzato<br \/>Referrer URL<br \/>Nome host del computer di accesso<br \/>Ora della richiesta al server<\/p>\n<p>Questi dati non sono direttamente collegati a dati personali. Questi dati non vengono uniti ad altre fonti di dati. <\/p>\n<p><strong>Servizi di terze parti<\/strong><\/p>\n<p><strong>Sei un cliente di Google?<\/strong><\/p>\n<p>Se sei gi\u00e0 un utente dei servizi di Google e disponi di un account con il quale hai effettuato l&#8217;accesso, Google pu\u00f2 raccogliere e attribuire il tuo comportamento su Internet e su questi siti web. Questo avviene in uno scambio diretto tra l&#8217;utente registrato e Google, senza alcuna influenza o conoscenza da parte nostra. Se non desideri che ci\u00f2 avvenga, ti consigliamo di disconnetterti dal tuo account prima di utilizzare questo sito web.  <\/p>\n<p><strong>Utilizzo di Google Analytics<\/strong><\/p>\n<p>Questo sito web utilizza Google Analytics, un servizio di analisi web fornito da Google Inc (&#8220;Google&#8221;). Google Analytics utilizza dei &#8220;cookies&#8221;, ovvero dei file di testo che vengono depositati sul tuo computer per consentire al sito web di analizzare come gli utenti utilizzano il sito. Le informazioni generate dal cookie sull&#8217;utilizzo del sito web da parte dell&#8217;utente vengono solitamente trasmesse a un server di Google negli Stati Uniti e l\u00ec memorizzate. Tuttavia, se su questo sito web \u00e8 attivata l&#8217;anonimizzazione dell&#8217;IP, il tuo indirizzo IP verr\u00e0 preventivamente abbreviato da Google all&#8217;interno degli Stati membri dell&#8217;Unione Europea o in altri Stati contraenti dell&#8217;Accordo sullo Spazio Economico Europeo. Solo in casi eccezionali l&#8217;indirizzo IP completo verr\u00e0 trasmesso a un server di Google negli Stati Uniti e l\u00ec troncato. Google utilizzer\u00e0 queste informazioni allo scopo di analizzare l&#8217;utilizzo del sito web da parte degli utenti, compilare report sulle attivit\u00e0 del sito web per gli operatori del sito web e fornire altri servizi relativi alle attivit\u00e0 del sito web e all&#8217;utilizzo di Internet. Google pu\u00f2 anche trasferire queste informazioni a terzi, qualora ci\u00f2 sia richiesto dalla legge o qualora tali terzi elaborino le informazioni per conto di Google. L&#8217;indirizzo IP trasmesso dal tuo browser nell&#8217;ambito di Google Analytics non verr\u00e0 unito ad altri dati di Google. L&#8217;utente pu\u00f2 rifiutare l&#8217;uso dei cookie selezionando l&#8217;impostazione appropriata sul proprio browser; tuttavia, si noti che in tal caso potrebbe non essere in grado di utilizzare tutte le funzionalit\u00e0 di questo sito web. Utilizzando il presente sito web, l&#8217;utente acconsente al trattamento dei propri dati da parte di Google per le modalit\u00e0 e i fini sopraindicati.          <\/p>\n<p><strong>Utilizzo di Google Tag Manager e del Global Site Tag<\/strong><\/p>\n<p>Il Google Tag Manager viene utilizzato per una migliore analisi insieme a Google Analytics. Questo raccoglie e inoltra i dati sul comportamento degli utenti. Il Google Tag Manager raccoglie solo dati, ma non \u00e8 possibile trarre conclusioni dirette sui dati personali. Ulteriori informazioni sull&#8217;utilizzo esatto sono disponibili sul sito <a>https:\/\/www.google.com\/intl\/de\/tagmanager\/use-policy.html.<\/a>   <\/p>\n<p>Il tag globale del sito viene utilizzato per localizzare informazioni come il traffico di dati o il comportamento di acquisto. Tali tag vengono utilizzati insieme a Google Analytics o Google Ads. <\/p>\n<p><strong>Utilizzo di Google Maps<\/strong><\/p>\n<p>Utilizziamo un&#8217;integrazione di Google Maps per visualizzare la nostra posizione. Per consentirci di utilizzare questa funzione (ad esempio le informazioni sulla posizione tramite Google Maps), il tuo indirizzo IP viene memorizzato e generalmente trasferito a un server di Google negli Stati Uniti. Non possiamo influenzare questo utilizzo dei dati. Per maggiori informazioni sull&#8217;uso esatto dei dati, consulta l&#8217;informativa sulla privacy di Google all&#8217;indirizzo <a>https:\/\/policies.google.com\/privacy?hl=de.<\/a>   <\/p>\n<p>Utilizzo di Google Web Fonts<\/p>\n<p>Questo sito web utilizza Google Fonts per visualizzare l&#8217;aspetto definito di questa azienda. L&#8217;utilizzo di questo sito web carica i font necessari da un server di Google in modo che i testi possano essere visualizzati correttamente. Se il tuo computer non supporta l&#8217;uso di Google Fonts, verr\u00e0 caricato un font simile direttamente dal tuo computer. Ulteriori informazioni su Google Web Fonts sono disponibili all&#8217;indirizzo <a>https:\/\/developers.google.com\/fonts\/faqeinsehbar.<\/a>   <\/p>\n<p><strong>Utilizzo di YouTube<\/strong><\/p>\n<p>Questo sito web utilizza i plugin del sito YouTube gestito da Google. Il gestore delle pagine \u00e8 YouTube, LLC, 901 Cherry Ave, San Bruno, CA 94066, USA. Quando visiti una delle nostre pagine dotate di un plugin di YouTube, viene stabilita una connessione ai server di YouTube. Il server di YouTube viene informato su quali pagine hai visitato.<\/p>\n<p>Se sei connesso al tuo account YouTube, permetti a YouTube di assegnare il tuo comportamento di navigazione direttamente al tuo profilo personale. Puoi evitare che ci\u00f2 accada disconnettendoti dal tuo account YouTube. <\/p>\n<p>Ulteriori informazioni sul trattamento dei dati degli utenti sono disponibili nell&#8217;informativa sulla privacy di YouTube all&#8217;indirizzo Informativa sulla privacy &#8211; Informativa sulla privacy e condizioni d&#8217;uso &#8211; Google<\/p>\n<p><strong>Informativa sulla privacy per il modulo di contatto<\/strong><\/p>\n<p>Se ci invii richieste di informazioni tramite il modulo di contatto, i tuoi dati personali, inclusi i dati di contatto che ci fornisci, saranno conservati da noi allo scopo di elaborare la richiesta e in caso di domande successive. Non trasmetteremo questi dati senza il tuo consenso. <\/p>\n<p><strong>Informativa sulla privacy per il diritto all&#8217;informazione, alla cancellazione, al blocco<\/strong><\/p>\n<p>Hai il diritto di ricevere informazioni gratuite sui tuoi dati personali memorizzati, sulla loro origine e sul loro destinatario e sullo scopo del trattamento dei dati, nonch\u00e9 il diritto alla correzione, al blocco o alla cancellazione di tali dati in qualsiasi momento. Puoi contattarci in qualsiasi momento all&#8217;indirizzo indicato nella nota legale se hai ulteriori domande sul tema dei dati personali. <\/p>\n<p><strong>Copyright e condizioni d&#8217;uso<\/strong><\/p>\n<p>Utilizzando il nostro sito web, accetti il copyright e i termini di utilizzo qui formulati senza limitazioni o riserve.<\/p>\n<p><strong>Diritti d&#8217;autore<\/strong><\/p>\n<p>Il copyright e tutti gli altri diritti su contenuti, immagini, foto o altri file presenti sul sito web appartengono esclusivamente al gestore del sito o ai titolari dei diritti specificamente indicati. Per la riproduzione di tutti i file \u00e8 necessario ottenere preventivamente il consenso scritto del titolare del copyright. <\/p>\n<p>Chiunque commetta una violazione del copyright senza il consenso del rispettivo detentore dei diritti pu\u00f2 essere perseguito penalmente e pu\u00f2 essere tenuto al risarcimento dei danni.<\/p>\n<p>Utilizziamo anche immagini liberamente utilizzabili dalle seguenti piattaforme: Unsplash, ecc&#8230; I fotografi sono nominati tramite metadati, che possono essere letti. Siamo inoltre lieti di fornire informazioni su richiesta all&#8217;indirizzo e-mail sopra indicato. <\/p>\n<p>I fotografi scattano sempre foto ai nostri eventi. Partecipando ai nostri eventi, accetti che ti vengano scattate delle foto. L&#8217;utilizzo di tali immagini \u00e8 sempre e solo in relazione a WySchiff.  <\/p>\n<p><strong>Crediti<\/strong><\/p>\n<p>Tutte le immagini del Wyschiffe e degli eventi sono di Patrick Sayer<a href=\"http:\/\/sayer.ch\" target=\"_blank\" rel=\"noopener noreferrer\">(http:\/\/www.sayer.ch)<\/a> e dei social media (<a href=\"https:\/\/www.instagram.com\/outstandingsocialmedia\/\" target=\"_blank\" rel=\"noopener noreferrer\">https:\/\/www.instagram.com\/outstandingsocialmedia)<\/a>. Non \u00e8 consentito l&#8217;uso non autorizzato. Tutte le altre immagini sono state realizzate da <a href=\"https:\/\/unsplash.com\/de\" target=\"_blank\" rel=\"noopener noreferrer\">https:\/\/unsplash.com\/<\/a> I crediti qui presenti sono di Alissa de Leva, Lucien Kolly, Maku Kuma e Samuel Zeller.  <\/p>\n<p><strong>Disclaimer generale<\/strong><\/p>\n<p>Il nostro sito web viene controllato con attenzione. Ci impegniamo a garantire che le informazioni fornite siano aggiornate, corrette e complete. Tuttavia, non \u00e8 possibile escludere il verificarsi di errori, il che significa che non possiamo garantire la completezza, l&#8217;accuratezza e l&#8217;attualit\u00e0 delle informazioni, comprese quelle giornalistiche ed editoriali. Sono escluse le richieste di responsabilit\u00e0 derivanti da danni materiali o immateriali causati dall&#8217;uso delle informazioni fornite, a meno che non vi siano prove di dolo o grave negligenza.   <\/p>\n<p>L&#8217;editore pu\u00f2 modificare o eliminare testi a propria discrezione e senza preavviso e non \u00e8 obbligato ad aggiornare il contenuto di questo sito web. L&#8217;uso o l&#8217;accesso a questo sito web \u00e8 a rischio e pericolo del visitatore. L&#8217;editore, i suoi clienti o i suoi partner non sono responsabili per danni diretti, indiretti, accidentali, predeterminati o consequenziali, presumibilmente causati dalla visita di questo sito web e pertanto non si assumono alcuna responsabilit\u00e0 in merito.  <\/p>\n<p>Inoltre, l&#8217;editore non si assume alcuna responsabilit\u00e0 per il contenuto e la disponibilit\u00e0 di siti web di terzi a cui si pu\u00f2 accedere tramite link esterni presenti su questo sito. Gli operatori delle pagine collegate sono gli unici responsabili dei loro contenuti. L&#8217;editore prende quindi espressamente le distanze da tutti i contenuti di terzi che potrebbero essere rilevanti ai sensi del diritto penale o della responsabilit\u00e0 civile o offendere il buon costume.  <\/p>\n<p><strong>Cambiamenti<\/strong><\/p>\n<p>Possiamo modificare la presente informativa sulla privacy in qualsiasi momento e senza preavviso. Si applica la versione attuale pubblicata sul nostro sito web. <\/p>\n<p><strong>Domande per il responsabile della protezione dei dati<\/strong><\/p>\n<p>Se hai domande sulla protezione dei dati, inviaci un&#8217;e-mail o contatta direttamente il responsabile della protezione dei dati sopra indicato.<\/p>\n<p>Aggiornato il 01 settembre 2023.<\/p>\n<\/div><div class=\"fusion-clearfix\"><\/div><\/div><\/div><\/div><\/div>\n","protected":false},"excerpt":{"rendered":"","protected":false},"author":1,"featured_media":0,"parent":0,"menu_order":0,"comment_status":"closed","ping_status":"closed","template":"","meta":{"footnotes":""},"class_list":["post-18844","page","type-page","status-publish","hentry"],"_links":{"self":[{"href":"https:\/\/wyschiff.ch\/it\/wp-json\/wp\/v2\/pages\/18844"}],"collection":[{"href":"https:\/\/wyschiff.ch\/it\/wp-json\/wp\/v2\/pages"}],"about":[{"href":"https:\/\/wyschiff.ch\/it\/wp-json\/wp\/v2\/types\/page"}],"author":[{"embeddable":true,"href":"https:\/\/wyschiff.ch\/it\/wp-json\/wp\/v2\/users\/1"}],"replies":[{"embeddable":true,"href":"https:\/\/wyschiff.ch\/it\/wp-json\/wp\/v2\/comments?post=18844"}],"version-history":[{"count":5,"href":"https:\/\/wyschiff.ch\/it\/wp-json\/wp\/v2\/pages\/18844\/revisions"}],"predecessor-version":[{"id":19870,"href":"https:\/\/wyschiff.ch\/it\/wp-json\/wp\/v2\/pages\/18844\/revisions\/19870"}],"wp:attachment":[{"href":"https:\/\/wyschiff.ch\/it\/wp-json\/wp\/v2\/media?parent=18844"}],"curies":[{"name":"wp","href":"https:\/\/api.w.org\/{rel}","templated":true}]}}