{"id":18759,"date":"2015-12-01T09:32:55","date_gmt":"2015-12-01T08:32:55","guid":{"rendered":"https:\/\/wyschiff.ch\/casa\/"},"modified":"2025-03-14T09:18:48","modified_gmt":"2025-03-14T08:18:48","slug":"casa","status":"publish","type":"page","link":"https:\/\/wyschiff.ch\/it\/","title":{"rendered":"Casa"},"content":{"rendered":"<p><div class=\"fusion-fullwidth fullwidth-box fusion-builder-row-1 nonhundred-percent-fullwidth non-hundred-percent-height-scrolling\" style=\"--awb-border-radius-top-left:0px;--awb-border-radius-top-right:0px;--awb-border-radius-bottom-right:0px;--awb-border-radius-bottom-left:0px;--awb-flex-wrap:wrap;\" ><div class=\"fusion-builder-row fusion-row\"><div class=\"fusion-layout-column fusion_builder_column fusion-builder-column-0 fusion_builder_column_1_1 1_1 fusion-one-full fusion-column-first fusion-column-last\" style=\"--awb-bg-size:cover;\"><div class=\"fusion-column-wrapper fusion-column-has-shadow fusion-flex-column-wrapper-legacy\"><div class=\"fusion-sep-clear\"><\/div><div class=\"fusion-separator fusion-full-width-sep\" style=\"margin-left: auto;margin-right: auto;flex-grow:1;width:100%;\"><\/div><div class=\"fusion-sep-clear\"><\/div><div class=\"fusion-clearfix\"><\/div><\/div><\/div><div class=\"fusion-layout-column fusion_builder_column fusion-builder-column-1 fusion_builder_column_4_5 4_5 fusion-four-fifth fusion-column-first\" style=\"--awb-bg-blend:overlay;--awb-bg-size:cover;width:80%;width:calc(80% - ( ( 4% ) * 0.8 ) );margin-right: 4%;\"><div class=\"fusion-column-wrapper fusion-column-has-shadow fusion-flex-column-wrapper-legacy\"><div class=\"fusion-text fusion-text-1\"><h1 class=\"para1\"><span style=\"color: #8e1f70;\"><span class=\"text22\">Viaggio nel mondo dei <\/span><span class=\"text22\">dei vini svizzeri<\/span><\/span><\/h1>\n<p class=\"para1\"><span class=\"text22\">Da 20 anni, 40 rinomati viticoltori provenienti dalle varie regioni vinicole della Svizzera organizzano l&#8217;annuale Wyschiff.<br \/>\nOgni anno il Wyschiff fa tappa a Lucerna, Basilea, Thun, Soletta e Zugo.<br \/>\nIn varie citt\u00e0 svizzere vengono organizzati anche eventi di due giorni dedicati al Wyschiff.  <\/span><span class=\"text22\"><br \/>\n<\/span><\/p>\n<p class=\"para1\"><span class=\"text22\">In una piccola area, il nostro paese combina le pi\u00f9 diverse zone climatiche, variet\u00e0 di vino autoctone e tradizioni vinicole caratteristiche.<br \/>\nIl sole, il vento e l&#8217;acqua hanno plasmato ogni terroir in un paesaggio inconfondibile.<br \/>\nLa mineralit\u00e0 del suolo caratterizza tutti questi vini.<br \/>\nOgni regione ha i suoi vitigni caratteristici.<br \/>\nDa questi, i viticoltori esperti spremono vini con una struttura propria, un&#8217;elevata complessit\u00e0 e una lunghezza armoniosa.      <\/span><span class=\"text22\">Il WYSCHIFF ti apre questo cosmo svizzero di vini pregiati e diversi. Qui potrai conoscere le diverse regioni e oltre 40 variet\u00e0 di uva. E ci\u00f2 che pi\u00f9 conta: le personalit\u00e0 dei viticoltori che si celano dietro questi vini.  <br \/>\n<\/span><\/p>\n<p class=\"para1\"><span class=\"text22\">I viticoltori svizzeri di Wyschiff non vedono l&#8217;ora di visitarti!<br \/>\n<\/span><\/p>\n<\/div><div class=\"fusion-alignleft\"><a class=\"fusion-button button-flat button-large button-custom fusion-button-default button-1 fusion-button-default-span fusion-button-default-type fusion-has-button-gradient\" style=\"--button_accent_color:#ffffff;--button_accent_hover_color:#ffffff;--button_border_hover_color:#ffffff;--button_gradient_top_color:rgba(133,38,71,0.7);--button_gradient_bottom_color:rgba(133,38,71,0.9);--button_gradient_top_color_hover:rgba(133,38,71,0.9);--button_gradient_bottom_color_hover:rgba(133,38,71,0.7);\" target=\"_blank\" rel=\"noopener noreferrer\" href=\"https:\/\/www.ticketino.com\/de\/eventgroup\/Wyschiff-Alle-Events\/5527\"><span class=\"fusion-button-icon-divider button-icon-divider-left\"><i class=\"fa-ticket-alt fas\" aria-hidden=\"true\"><\/i><\/span><span class=\"fusion-button-text fusion-button-text-left\">Acquista i biglietti<\/span><\/a><\/div><div class=\"fusion-clearfix\"><\/div><\/div><\/div><div class=\"fusion-layout-column fusion_builder_column fusion-builder-column-2 fusion_builder_column_1_5 1_5 fusion-one-fifth fusion-column-last\" style=\"--awb-bg-blend:overlay;--awb-bg-size:cover;width:20%;width:calc(20% - ( ( 4% ) * 0.2 ) );\"><div class=\"fusion-column-wrapper fusion-column-has-shadow fusion-flex-column-wrapper-legacy\"><div class=\"fusion-content-boxes content-boxes columns row fusion-columns-1 fusion-columns-total-1 fusion-content-boxes-1 content-boxes-icon-on-top content-left\" style=\"--awb-body-color:#000000;--awb-title-color:#8e1f70;--awb-margin-bottom:0px;--awb-hover-accent-color:#8e1f70;--awb-circle-hover-accent-color:#8e1f70;--awb-item-margin-bottom:40px;\" data-animationOffset=\"top-into-view\"><div style=\"--awb-backgroundcolor:transparent;\" class=\"fusion-column content-box-column content-box-column content-box-column-1 col-lg-12 col-md-12 col-sm-12 fusion-content-box-hover content-box-column-last content-box-column-last-in-row\"><div class=\"col content-box-wrapper content-wrapper link-area-link-icon icon-hover-animation-fade\" data-animationOffset=\"top-into-view\"><div class=\"heading heading-with-icon icon-left\"><div class=\"icon\"><i style=\"border-color:#8e1f70;border-width:1px;background-color:rgba(133,38,71,0.9);box-sizing:content-box;height:42px;width:42px;line-height:42px;border-radius:50%;font-size:21px;\" aria-hidden=\"true\" class=\"fontawesome-icon fa-wine-glass-alt fas circle-yes\"><\/i><\/div><h2 class=\"content-box-heading\" style=\"--h2_typography-font-size:18px;line-height:23px;\">Al bicchiere<\/h2><\/div><div class=\"fusion-clearfix\"><\/div><div class=\"content-container\">\n<h3>Il bicchiere da vino per un&#8217;esperienza di degustazione ottimale<\/h3>\n<\/div><\/div><\/div><div class=\"fusion-clearfix\"><\/div><\/div><div class=\"fusion-aligncenter\"><a class=\"fusion-button button-flat fusion-button-default-size button-custom fusion-button-default button-2 fusion-button-default-span fusion-button-default-type fusion-has-button-gradient\" style=\"--button_accent_color:#ffffff;--button_accent_hover_color:#ffffff;--button_border_hover_color:#ffffff;--button_gradient_top_color:rgba(133,38,71,0.7);--button_gradient_bottom_color:rgba(133,38,71,0.9);--button_gradient_top_color_hover:rgba(133,38,71,0.9);--button_gradient_bottom_color_hover:rgba(133,38,71,0.7);\" target=\"_self\" href=\"#\" data-toggle=\"modal\" data-target=\".fusion-modal.glass\"><span class=\"fusion-button-text\">Ulteriori informazioni<\/span><\/a><\/div><div class=\"fusion-modal modal fade modal-1 glass\" tabindex=\"-1\" role=\"dialog\" aria-labelledby=\"modal-heading-1\" aria-hidden=\"true\" style=\"--awb-border-color:#8e1f70;--awb-background:#f6f6f6;\"><div class=\"modal-dialog modal-lg\" role=\"document\"><div class=\"modal-content fusion-modal-content\"><div class=\"modal-header\"><button class=\"close\" type=\"button\" data-dismiss=\"modal\" aria-hidden=\"true\" aria-label=\"Close\">&times;<\/button><h3 class=\"modal-title\" id=\"modal-heading-1\" data-dismiss=\"modal\" aria-hidden=\"true\">Il bicchiere da vino per un&apos;esperienza di degustazione ottimale<\/h3><\/div><div class=\"modal-body fusion-clearfix\">\n<p>Il bicchiere da vino ufficiale della Wyschiff \u00e8 un vero e proprio tuttofare.<br \/>\nPermette di scoprire la variet\u00e0 dei sapori durante la degustazione di vini pregiati.<br \/>\nIl bicchiere da vino \u00e8 stato progettato come bicchiere da degustazione.<br \/>\nSta comodamente in mano ed \u00e8 adatto a vini rossi e bianchi.   <\/p>\n<p>Il bicchiere da vino Expert Tasting \u00e8 la nuova generazione di bicchieri da vino professionali.<br \/>\nIn un test comparativo condotto da Gault &amp; Millau, il bicchiere da vino per esperti e amanti del vino ha ottenuto un risultato eccellente.<br \/>\nSecondo i risultati, il bicchiere si comporta meglio quando si degustano vini rossi o bianchi.  <\/p>\n<p>La caratteristica distintiva del bicchiere Wyschiff \u00e8 l&#8217;impronta. \u00c8 stata stampata in Svizzera dall&#8217;azienda Univerre Pro Uva. L&#8217;associazione Wyschiff ha deliberatamente optato per un bicchiere da vino personalizzato. Questo rafforza l&#8217;identit\u00e0 delle varie Wyschiffe in Svizzera. Inoltre, i visitatori avranno un simpatico souvenir dopo il Wyschiff.    <\/p>\n<p><img decoding=\"async\" class=\"lazyload size-full wp-image-3582 aligncenter\" src=\"data:image\/svg+xml,%3Csvg%20xmlns%3D%27http%3A%2F%2Fwww.w3.org%2F2000%2Fsvg%27%20width%3D%27124%27%20height%3D%27291%27%20viewBox%3D%270%200%20124%20291%27%3E%3Crect%20width%3D%27124%27%20height%3D%27291%27%20fill-opacity%3D%220%22%2F%3E%3C%2Fsvg%3E\" data-orig-src=\"https:\/\/wyschiff.ch\/wp-content\/uploads\/2019\/08\/wyglas_univerre10761.png\" alt=\"\" width=\"124\" height=\"291\"><\/p>\n<\/div><\/div><\/div><\/div><div class=\"fusion-clearfix\"><\/div><\/div><\/div><\/div><\/div><div class=\"fusion-fullwidth fullwidth-box fusion-builder-row-2 fusion-flex-container has-pattern-background has-mask-background nonhundred-percent-fullwidth non-hundred-percent-height-scrolling\" style=\"--awb-border-radius-top-left:0px;--awb-border-radius-top-right:0px;--awb-border-radius-bottom-right:0px;--awb-border-radius-bottom-left:0px;--awb-flex-wrap:wrap;\" ><div class=\"fusion-builder-row fusion-row fusion-flex-align-items-flex-start fusion-flex-content-wrap\" style=\"max-width:1248px;margin-left: calc(-4% \/ 2 );margin-right: calc(-4% \/ 2 );\"><div class=\"fusion-layout-column fusion_builder_column fusion-builder-column-3 fusion_builder_column_1_1 1_1 fusion-flex-column\" style=\"--awb-bg-size:cover;--awb-width-large:100%;--awb-margin-top-large:0px;--awb-spacing-right-large:1.92%;--awb-margin-bottom-large:20px;--awb-spacing-left-large:1.92%;--awb-width-medium:100%;--awb-order-medium:0;--awb-spacing-right-medium:1.92%;--awb-spacing-left-medium:1.92%;--awb-width-small:100%;--awb-order-small:0;--awb-spacing-right-small:1.92%;--awb-spacing-left-small:1.92%;\"><div class=\"fusion-column-wrapper fusion-column-has-shadow fusion-flex-justify-content-flex-start fusion-content-layout-column\">        <div\n            class=\"spotlight-instagram-feed\"\n            data-feed-var=\"63229211\"\n            data-analytics=\"0\"\n            data-instance=\"18759\"\n        >\n        <\/div>\n        <input type=\"hidden\" id=\"sli__f__63229211\" data-json='{&quot;useCase&quot;:&quot;accounts&quot;,&quot;template&quot;:&quot;row&quot;,&quot;layout&quot;:&quot;grid&quot;,&quot;numColumns&quot;:{&quot;desktop&quot;:6,&quot;phone&quot;:3,&quot;tablet&quot;:5},&quot;highlightFreq&quot;:{&quot;desktop&quot;:7},&quot;sliderNumScrollPosts&quot;:{&quot;desktop&quot;:1},&quot;sliderInfinite&quot;:true,&quot;sliderLoop&quot;:false,&quot;sliderArrowPos&quot;:{&quot;desktop&quot;:&quot;inside&quot;},&quot;sliderArrowSize&quot;:{&quot;desktop&quot;:20},&quot;sliderArrowColor&quot;:{&quot;r&quot;:255,&quot;b&quot;:255,&quot;g&quot;:255,&quot;a&quot;:1},&quot;sliderArrowBgColor&quot;:{&quot;r&quot;:0,&quot;b&quot;:0,&quot;g&quot;:0,&quot;a&quot;:0.8000000000000000444089209850062616169452667236328125},&quot;sliderAutoScroll&quot;:false,&quot;sliderAutoInterval&quot;:3,&quot;postOrder&quot;:&quot;date_desc&quot;,&quot;numPosts&quot;:{&quot;desktop&quot;:6,&quot;phone&quot;:3,&quot;tablet&quot;:5},&quot;linkBehavior&quot;:{&quot;desktop&quot;:&quot;lightbox&quot;},&quot;feedWidth&quot;:{&quot;desktop&quot;:0},&quot;feedHeight&quot;:{&quot;desktop&quot;:0},&quot;feedPadding&quot;:{&quot;desktop&quot;:0,&quot;tablet&quot;:0,&quot;phone&quot;:0},&quot;imgPadding&quot;:{&quot;desktop&quot;:0,&quot;tablet&quot;:0,&quot;phone&quot;:0},&quot;ratio&quot;:&quot;classic&quot;,&quot;textSize&quot;:{&quot;desktop&quot;:0,&quot;tablet&quot;:0,&quot;phone&quot;:0},&quot;bgColor&quot;:{&quot;r&quot;:255,&quot;g&quot;:255,&quot;b&quot;:255,&quot;a&quot;:1},&quot;hoverInfo&quot;:[&quot;likes_comments&quot;,&quot;insta_link&quot;,&quot;date&quot;],&quot;textColorHover&quot;:{&quot;r&quot;:255,&quot;g&quot;:255,&quot;b&quot;:255,&quot;a&quot;:1},&quot;bgColorHover&quot;:{&quot;r&quot;:0,&quot;g&quot;:0,&quot;b&quot;:0,&quot;a&quot;:0.5},&quot;showHeader&quot;:{&quot;desktop&quot;:true},&quot;headerInfo&quot;:{&quot;desktop&quot;:[&quot;profile_pic&quot;,&quot;bio&quot;]},&quot;headerAccount&quot;:null,&quot;headerStyle&quot;:{&quot;desktop&quot;:&quot;normal&quot;,&quot;phone&quot;:&quot;centered&quot;},&quot;headerTextSize&quot;:{&quot;desktop&quot;:0},&quot;headerPhotoSize&quot;:{&quot;desktop&quot;:50},&quot;headerTextColor&quot;:{&quot;r&quot;:0,&quot;g&quot;:0,&quot;b&quot;:0,&quot;a&quot;:1},&quot;headerBgColor&quot;:{&quot;r&quot;:255,&quot;g&quot;:255,&quot;b&quot;:255,&quot;a&quot;:1},&quot;headerPadding&quot;:{&quot;desktop&quot;:0},&quot;customProfilePic&quot;:&quot;&quot;,&quot;customBioText&quot;:&quot;&quot;,&quot;includeStories&quot;:false,&quot;storiesInterval&quot;:5,&quot;showCaptions&quot;:{&quot;desktop&quot;:false,&quot;tablet&quot;:false},&quot;captionMaxLength&quot;:{&quot;desktop&quot;:0},&quot;captionRemoveDots&quot;:false,&quot;captionSize&quot;:{&quot;desktop&quot;:0},&quot;captionColor&quot;:{&quot;r&quot;:0,&quot;g&quot;:0,&quot;b&quot;:0,&quot;a&quot;:1},&quot;showLikes&quot;:{&quot;desktop&quot;:false,&quot;tablet&quot;:false},&quot;showComments&quot;:{&quot;desktop&quot;:false,&quot;tablet&quot;:false},&quot;lcIconSize&quot;:{&quot;desktop&quot;:14},&quot;likesIconColor&quot;:{&quot;r&quot;:0,&quot;g&quot;:0,&quot;b&quot;:0,&quot;a&quot;:1},&quot;commentsIconColor&quot;:{&quot;r&quot;:0,&quot;g&quot;:0,&quot;b&quot;:0,&quot;a&quot;:1},&quot;lightboxShowSidebar&quot;:false,&quot;lightboxCtaStyle&quot;:&quot;link&quot;,&quot;lightboxCtaDesign&quot;:{&quot;text&quot;:{&quot;color&quot;:{&quot;r&quot;:0,&quot;g&quot;:0,&quot;b&quot;:0,&quot;a&quot;:1},&quot;align&quot;:&quot;center&quot;},&quot;bgColor&quot;:{&quot;r&quot;:230,&quot;g&quot;:230,&quot;b&quot;:230,&quot;a&quot;:1},&quot;border&quot;:{&quot;radius&quot;:3}},&quot;numLightboxComments&quot;:50,&quot;showLoadMoreBtn&quot;:{&quot;desktop&quot;:false},&quot;loadMoreBtnDesign&quot;:{&quot;text&quot;:{&quot;color&quot;:{&quot;r&quot;:255,&quot;g&quot;:255,&quot;b&quot;:255,&quot;a&quot;:1},&quot;align&quot;:&quot;center&quot;},&quot;border&quot;:{&quot;radius&quot;:3},&quot;bgColor&quot;:{&quot;r&quot;:0,&quot;g&quot;:149,&quot;b&quot;:246,&quot;a&quot;:1},&quot;margin&quot;:{&quot;top&quot;:0,&quot;bottom&quot;:0,&quot;left&quot;:0,&quot;right&quot;:0}},&quot;loadMoreBtnText&quot;:&quot;Load more&quot;,&quot;loadMoreBtnScroll&quot;:true,&quot;autoload&quot;:false,&quot;showFollowBtn&quot;:{&quot;desktop&quot;:false,&quot;phone&quot;:false},&quot;followBtnText&quot;:&quot;Follow on Instagram&quot;,&quot;followBtnDesign&quot;:{&quot;text&quot;:{&quot;color&quot;:{&quot;r&quot;:255,&quot;g&quot;:255,&quot;b&quot;:255,&quot;a&quot;:1},&quot;align&quot;:&quot;center&quot;},&quot;border&quot;:{&quot;radius&quot;:3},&quot;bgColor&quot;:{&quot;r&quot;:0,&quot;g&quot;:149,&quot;b&quot;:246,&quot;a&quot;:1},&quot;margin&quot;:{&quot;top&quot;:0,&quot;bottom&quot;:0,&quot;left&quot;:0,&quot;right&quot;:0}},&quot;followBtnLocation&quot;:{&quot;desktop&quot;:&quot;header&quot;,&quot;phone&quot;:&quot;bottom&quot;},&quot;alignFooterButtons&quot;:{&quot;desktop&quot;:false},&quot;customCss&quot;:&quot;\\\/* Enter your custom CSS below *\\\/\\n\\n&quot;,&quot;accounts&quot;:[19757],&quot;tagged&quot;:[],&quot;hashtags&quot;:[],&quot;mediaType&quot;:&quot;all&quot;,&quot;hashtagWhitelist&quot;:[],&quot;hashtagBlacklist&quot;:[],&quot;captionWhitelist&quot;:[],&quot;captionBlacklist&quot;:[],&quot;hashtagWhitelistSettings&quot;:true,&quot;hashtagBlacklistSettings&quot;:true,&quot;captionWhitelistSettings&quot;:true,&quot;captionBlacklistSettings&quot;:true,&quot;moderation&quot;:[],&quot;moderationMode&quot;:&quot;blacklist&quot;,&quot;promosVersion&quot;:2,&quot;promosEnabled&quot;:true,&quot;globalPromosEnabled&quot;:true,&quot;autoPromosEnabled&quot;:true,&quot;promoOverrides&quot;:[],&quot;feedPromo&quot;:{&quot;linkSource&quot;:{&quot;type&quot;:null},&quot;linkBehavior&quot;:{&quot;openNewTab&quot;:false,&quot;showPopupBox&quot;:false},&quot;linkText&quot;:&quot;&quot;},&quot;gaCampaignSource&quot;:&quot;&quot;,&quot;gaCampaignMedium&quot;:&quot;&quot;,&quot;gaCampaignName&quot;:&quot;&quot;}' \/>\n        <input type=\"hidden\" id=\"sli__a__63229211\" data-json='[{&quot;id&quot;:19757,&quot;type&quot;:&quot;PERSONAL&quot;,&quot;userId&quot;:&quot;9270733519688193&quot;,&quot;username&quot;:&quot;wyschiff_official&quot;,&quot;bio&quot;:&quot;&quot;,&quot;customBio&quot;:&quot;&quot;,&quot;profilePicUrl&quot;:&quot;&quot;,&quot;customProfilePicUrl&quot;:&quot;&quot;,&quot;mediaCount&quot;:&quot;82&quot;,&quot;followersCount&quot;:&quot;0&quot;,&quot;usages&quot;:[],&quot;creationDate&quot;:&quot;2025-02-24 09:26:12&quot;}]' \/>\n        <input type=\"hidden\" id=\"sli__m__63229211\" data-json='[]' \/>\n        <\/div><\/div><\/div><\/div><\/p>\n","protected":false},"excerpt":{"rendered":"","protected":false},"author":1,"featured_media":0,"parent":0,"menu_order":0,"comment_status":"closed","ping_status":"closed","template":"","meta":{"footnotes":""},"class_list":["post-18759","page","type-page","status-publish","hentry"],"_links":{"self":[{"href":"https:\/\/wyschiff.ch\/it\/wp-json\/wp\/v2\/pages\/18759"}],"collection":[{"href":"https:\/\/wyschiff.ch\/it\/wp-json\/wp\/v2\/pages"}],"about":[{"href":"https:\/\/wyschiff.ch\/it\/wp-json\/wp\/v2\/types\/page"}],"author":[{"embeddable":true,"href":"https:\/\/wyschiff.ch\/it\/wp-json\/wp\/v2\/users\/1"}],"replies":[{"embeddable":true,"href":"https:\/\/wyschiff.ch\/it\/wp-json\/wp\/v2\/comments?post=18759"}],"version-history":[{"count":41,"href":"https:\/\/wyschiff.ch\/it\/wp-json\/wp\/v2\/pages\/18759\/revisions"}],"predecessor-version":[{"id":19834,"href":"https:\/\/wyschiff.ch\/it\/wp-json\/wp\/v2\/pages\/18759\/revisions\/19834"}],"wp:attachment":[{"href":"https:\/\/wyschiff.ch\/it\/wp-json\/wp\/v2\/media?parent=18759"}],"curies":[{"name":"wp","href":"https:\/\/api.w.org\/{rel}","templated":true}]}}