{"id":18765,"date":"2018-12-21T17:29:52","date_gmt":"2018-12-21T16:29:52","guid":{"rendered":"https:\/\/wyschiff.ch\/mentions-legales-et-protection-des-donnees\/"},"modified":"2025-03-31T09:28:43","modified_gmt":"2025-03-31T07:28:43","slug":"mentions-legales-et-protection-des-donnees","status":"publish","type":"page","link":"https:\/\/wyschiff.ch\/fr\/mentions-legales-et-protection-des-donnees\/","title":{"rendered":"Mentions l\u00e9gales et protection des donn\u00e9es"},"content":{"rendered":"<div class=\"fusion-fullwidth fullwidth-box fusion-builder-row-1 nonhundred-percent-fullwidth non-hundred-percent-height-scrolling\" style=\"--awb-border-radius-top-left:0px;--awb-border-radius-top-right:0px;--awb-border-radius-bottom-right:0px;--awb-border-radius-bottom-left:0px;--awb-flex-wrap:wrap;\" ><div class=\"fusion-builder-row fusion-row\"><div class=\"fusion-layout-column fusion_builder_column fusion-builder-column-0 fusion_builder_column_1_1 1_1 fusion-one-full fusion-column-first fusion-column-last\" style=\"--awb-bg-size:cover;--awb-margin-bottom:0px;\"><div class=\"fusion-column-wrapper fusion-flex-column-wrapper-legacy\"><div class=\"fusion-sep-clear\"><\/div><div class=\"fusion-separator fusion-full-width-sep\" style=\"margin-left: auto;margin-right: auto;margin-top:20px;margin-bottom:20px;width:100%;\"><\/div><div class=\"fusion-sep-clear\"><\/div><div class=\"fusion-text fusion-text-1\"><p><strong>Qui sommes-nous ?<\/strong><\/p>\n<p>Association WySchiff Vignerons suisses \/ Erdbeergraben 5 \/ 4102 Binningen<\/p>\n<p>Courrier \u00e9lectronique : info@wyschiff.ch<\/p>\n<p><strong>Remarque g\u00e9n\u00e9rale<\/strong><\/p>\n<p>Notre d\u00e9claration de confidentialit\u00e9 a pour but d&rsquo;expliquer comment nous traitons les donn\u00e9es personnelles. L&rsquo;utilisation responsable des donn\u00e9es est un facteur important dans l&rsquo;utilisation de ce site web. Nous proc\u00e9dons r\u00e9guli\u00e8rement \u00e0 des ajustements afin de prot\u00e9ger au mieux les donn\u00e9es personnelles.<br \/>En collaboration avec nos fournisseurs d&rsquo;h\u00e9bergement, nous nous effor\u00e7ons de prot\u00e9ger autant que possible les bases de donn\u00e9es contre les acc\u00e8s externes, les pertes, les abus ou la falsification.<br \/>Nous attirons votre attention sur le fait que la transmission de donn\u00e9es sur Internet (par exemple, lors de la communication par e-mail) peut pr\u00e9senter des failles de s\u00e9curit\u00e9. Une protection compl\u00e8te des donn\u00e9es contre l&rsquo;acc\u00e8s par des tiers n&rsquo;est pas possible.   <\/p>\n<p>En utilisant ce site web, vous acceptez la collecte, le traitement et l&rsquo;utilisation des donn\u00e9es conform\u00e9ment \u00e0 la description ci-dessous. Ce site web peut en principe \u00eatre visit\u00e9 sans enregistrement. Dans ce contexte, des donn\u00e9es telles que les pages consult\u00e9es ou le nom du fichier appel\u00e9, la date et l&rsquo;heure peuvent \u00eatre enregistr\u00e9es sur le serveur \u00e0 des fins statistiques, sans que ces donn\u00e9es soient directement li\u00e9es \u00e0 votre personne. Les donn\u00e9es personnelles, notamment le nom, l&rsquo;adresse ou l&rsquo;adresse e-mail, sont collect\u00e9es, dans la mesure du possible, sur une base volontaire. Sans votre consentement, les donn\u00e9es ne seront pas transmises \u00e0 des tiers.    <\/p>\n<p><strong>Objectif de ce site web<\/strong><\/p>\n<p>L&rsquo;association WySchiff Vignerons Suisses exploite ce site web \u00e0 des fins d&rsquo;information sur l&rsquo;entreprise et de prise de contact avec l&rsquo;entreprise. Nous recevons des informations personnelles lorsque vous nous contactez via le formulaire de contact. Nous traitons vos donn\u00e9es en toute conscience et uniquement en conformit\u00e9 avec la pr\u00e9sente d\u00e9claration de protection des donn\u00e9es et la loi suisse sur la protection des donn\u00e9es en vigueur.  <\/p>\n<p><strong>Utilisation des m\u00e9dias sociaux<\/strong><\/p>\n<p>Si vous visitez les canaux de m\u00e9dias sociaux li\u00e9s \u00e0 notre site web, vous serez redirig\u00e9 vers les plates-formes respectives. Les fournisseurs de ces plateformes voient alors que vous venez de notre site web. Les fournisseurs de m\u00e9dias sociaux utilisent ces donn\u00e9es \u00e0 leurs propres fins. Nous ne pouvons ici qu&rsquo;informer que cela se produit, mais nous ne savons rien de la mani\u00e8re dont ces donn\u00e9es sont trait\u00e9es par les fournisseurs de m\u00e9dias sociaux.   <\/p>\n<p>L&rsquo;utilisation des pixels des fournisseurs de m\u00e9dias sociaux est possible en fonction de la situation. Les m\u00eames donn\u00e9es sont collect\u00e9es que lors du traitement des fichiers journaux du serveur et la collecte ne peut pas \u00eatre emp\u00each\u00e9e. <\/p>\n<p><strong>Utilisation des cookies<\/strong><\/p>\n<p>\u00ab\u00a0Ce site web utilise des cookies. Les cookies sont de petits fichiers texte qui sont enregistr\u00e9s de mani\u00e8re permanente ou temporaire dans votre ordinateur lorsque vous visitez ce site web. L&rsquo;objectif des cookies est notamment d&rsquo;analyser l&rsquo;utilisation de ce site web \u00e0 des fins d&rsquo;\u00e9valuation statistique et d&rsquo;am\u00e9lioration continue.  <\/p>\n<p>Vous pouvez \u00e0 tout moment d\u00e9sactiver tout ou partie des cookies dans les param\u00e8tres de votre navigateur. Si les cookies sont d\u00e9sactiv\u00e9s, il se peut que vous ne disposiez plus de toutes les fonctions de ce site web\u00a0\u00bb. <\/p>\n<p><strong>Traitement des donn\u00e9es personnelles<\/strong><\/p>\n<p>Les donn\u00e9es personnelles sont toutes les informations qui se rapportent \u00e0 une personne identifi\u00e9e ou identifiable. Une personne concern\u00e9e est une personne au sujet de laquelle des donn\u00e9es personnelles sont trait\u00e9es. Le traitement comprend toute manipulation de donn\u00e9es personnelles, quels que soient les moyens et proc\u00e9d\u00e9s utilis\u00e9s, notamment la conservation, la communication, la collecte, l&rsquo;effacement, la sauvegarde, la modification, la destruction et l&rsquo;utilisation de donn\u00e9es personnelles.  <\/p>\n<p>Nous traitons les donn\u00e9es personnelles conform\u00e9ment \u00e0 la l\u00e9gislation suisse en mati\u00e8re de protection des donn\u00e9es. Par ailleurs, nous traitons &#8211; dans la mesure o\u00f9 le RGPD de l&rsquo;UE est applicable &#8211; les donn\u00e9es personnelles conform\u00e9ment aux bases juridiques suivantes en relation avec l&rsquo;art. 6, al. 1 RGPD :  <\/p>\n<p>lit. a) Traitement de donn\u00e9es personnelles avec le consentement de la personne concern\u00e9e.<br \/>let. b) Traitement de donn\u00e9es personnelles en vue de l&rsquo;ex\u00e9cution d&rsquo;un contrat avec la personne concern\u00e9e ainsi que de l&rsquo;ex\u00e9cution de mesures pr\u00e9contractuelles correspondantes.<br \/>let. c) Traitement de donn\u00e9es personnelles en vue de satisfaire \u00e0 une obligation l\u00e9gale \u00e0 laquelle nous sommes soumis en vertu du droit \u00e9ventuellement applicable de l&rsquo;UE ou en vertu du droit \u00e9ventuellement applicable d&rsquo;un pays dans lequel le RGPD est enti\u00e8rement ou partiellement applicable.<br \/>let. d) Traitement de donn\u00e9es personnelles en vue de prot\u00e9ger les int\u00e9r\u00eats vitaux de la personne concern\u00e9e ou d&rsquo;une autre personne physique.<br \/>let.    f) traiter les donn\u00e9es personnelles afin de sauvegarder nos int\u00e9r\u00eats l\u00e9gitimes ou ceux de tiers, \u00e0 moins que les libert\u00e9s et droits fondamentaux ainsi que les int\u00e9r\u00eats de la personne concern\u00e9e ne pr\u00e9valent. Les int\u00e9r\u00eats l\u00e9gitimes sont notamment notre int\u00e9r\u00eat \u00e9conomique \u00e0 pouvoir mettre \u00e0 disposition notre site web, la s\u00e9curit\u00e9 de l&rsquo;information, l&rsquo;application de nos propres droits juridiques et le respect du droit suisse. <\/p>\n<p>Nous traitons les donn\u00e9es personnelles pendant la dur\u00e9e n\u00e9cessaire \u00e0 l&rsquo;objectif ou aux objectifs en question. En cas d&rsquo;obligation de conservation de longue dur\u00e9e en raison d&rsquo;obligations l\u00e9gales ou autres auxquelles nous sommes soumis, nous limitons le traitement en cons\u00e9quence. <\/p>\n<p><strong>D\u00e9claration de confidentialit\u00e9 pour le cryptage SSL<\/strong><\/p>\n<p>Pour des raisons de s\u00e9curit\u00e9 et pour prot\u00e9ger la transmission de contenus confidentiels, comme par exemple les demandes que vous nous envoyez en tant qu&rsquo;exploitant du site, ce site utilise un cryptage SSL. Vous reconnaissez une connexion crypt\u00e9e au fait que la ligne d&rsquo;adresse du navigateur passe de \u00ab\u00a0http:\/\/\u00a0\u00bb \u00e0 \u00ab\u00a0https:\/\/\u00a0\u00bb et au symbole du cadenas dans la ligne de votre navigateur. <\/p>\n<p>Si le cryptage SSL est activ\u00e9, les donn\u00e9es que vous nous transmettez ne peuvent pas \u00eatre lues par des tiers.<\/p>\n<p><strong>D\u00e9claration de protection des donn\u00e9es pour les fichiers journaux du serveur<\/strong><\/p>\n<p>Le fournisseur de ce site web collecte et enregistre automatiquement des informations dans ce que l&rsquo;on appelle des fichiers journaux du serveur, que votre navigateur nous transmet automatiquement. Il s&rsquo;agit de <\/p>\n<p>Type et version du navigateur<br \/>Syst\u00e8me d&rsquo;exploitation utilis\u00e9<br \/>URL de r\u00e9f\u00e9rence<br \/>Nom d&rsquo;h\u00f4te de l&rsquo;ordinateur acc\u00e9dant<br \/>Heure de la demande du serveur<\/p>\n<p>Ces donn\u00e9es ne sont pas directement li\u00e9es aux donn\u00e9es personnelles. Ces donn\u00e9es ne sont pas recoup\u00e9es avec d&rsquo;autres sources de donn\u00e9es. <\/p>\n<p><strong>Services de tiers<\/strong><\/p>\n<p><strong>\u00cates-vous client de Google ?<\/strong><\/p>\n<p>Si vous \u00eates d\u00e9j\u00e0 utilisateur des services de Google et que vous y avez un compte auquel vous \u00eates connect\u00e9, Google peut collecter et attribuer votre comportement sur Internet et sur ces pages web. Cela se fait dans le cadre d&rsquo;un \u00e9change direct entre l&rsquo;utilisateur connect\u00e9 et Google, sans influence ni connaissance de notre part. Si vous ne le souhaitez pas, il est recommand\u00e9 de vous d\u00e9connecter de votre compte avant d&rsquo;utiliser ce site.  <\/p>\n<p><strong>Utilisation de Google Analytics<\/strong><\/p>\n<p>Ce site web utilise Google Analytics, un service d&rsquo;analyse web de Google Inc. (\u00ab\u00a0Google\u00a0\u00bb). Google Analytics utilise des \u00ab\u00a0cookies\u00a0\u00bb, des fichiers texte qui sont enregistr\u00e9s sur votre ordinateur et qui permettent d&rsquo;analyser votre utilisation du site web. Les informations g\u00e9n\u00e9r\u00e9es par le cookie concernant votre utilisation de ce site web sont g\u00e9n\u00e9ralement transmises \u00e0 un serveur de Google aux \u00c9tats-Unis et y sont enregistr\u00e9es. Si l&rsquo;anonymisation IP est activ\u00e9e sur ce site, votre adresse IP sera toutefois abr\u00e9g\u00e9e par Google au sein des \u00c9tats membres de l&rsquo;Union europ\u00e9enne ou dans d&rsquo;autres \u00c9tats signataires de l&rsquo;accord sur l&rsquo;Espace \u00e9conomique europ\u00e9en. Ce n&rsquo;est que dans des cas exceptionnels que l&rsquo;adresse IP compl\u00e8te est transmise \u00e0 un serveur deGoogle aux \u00c9tats-Unis et y est raccourcie. Google utilisera cette information dans le but d&rsquo;\u00e9valuer votre utilisation du site, de compiler des rapports sur l&rsquo;activit\u00e9 du site \u00e0 destination de son \u00e9diteur et de fournir d&rsquo;autres services relatifs \u00e0 l&rsquo;activit\u00e9 du site et \u00e0 l&rsquo;utilisation d&rsquo;Internet. Google peut \u00e9galement transmettre ces informations \u00e0 des tiers si la loi l&rsquo;exige ou si des tiers traitent ces donn\u00e9es pour le compte de Google. L&rsquo;adresse IP transmise par votre navigateur dans le cadre de Google Analytics n&rsquo;est pas recoup\u00e9e avec d&rsquo;autres donn\u00e9es de Google. Vous pouvez emp\u00eacher l&rsquo;installation des cookies en param\u00e9trant votre navigateur en cons\u00e9quence ; nous attirons toutefois votre attention sur le fait que, dans ce cas, vous ne pourrez peut-\u00eatre pas utiliser toutes les fonctions de ce site web dans leur int\u00e9gralit\u00e9. En utilisant ce site internet, vous consentez express\u00e9ment au traitement de vos donn\u00e9es nominatives par Google dans les conditions et pour les finalit\u00e9s d\u00e9crites ci-dessus.          <\/p>\n<p><strong>Utilisation du Google Tag Manager et du Global Site Tag<\/strong><\/p>\n<p>Pour une meilleure capacit\u00e9 d&rsquo;analyse en interaction avec Google Analytics, le Google Tag Manager est utilis\u00e9. Cela permet de collecter et de transmettre des donn\u00e9es sur le comportement des utilisateurs. Avec le Google Tag Manager, seules des donn\u00e9es sont collect\u00e9es, mais il n&rsquo;est pas possible de tirer des conclusions directes sur des donn\u00e9es personnelles. Pour plus d&rsquo;informations sur l&rsquo;utilisation exacte, consultez le site <a>https:\/\/www.google.com\/intl\/de\/tagmanager\/use-policy.html.<\/a>   <\/p>\n<p>Le Global Site Tag est d\u00e9fini pour localiser des informations telles que le trafic de donn\u00e9es ou le comportement d&rsquo;achat. De telles balises sont utilis\u00e9es en combinaison avec Google Analytics ou Google Ads. <\/p>\n<p><strong>Utilisation de Google Maps<\/strong><\/p>\n<p>Pour repr\u00e9senter notre site, nous utilisons une int\u00e9gration de Google Maps. Pour que nous puissions utiliser cette fonction (par ex. indication de l&#8217;emplacement via Google Maps), votre adresse IP est enregistr\u00e9e et g\u00e9n\u00e9ralement transmise \u00e0 un serveur de Google aux \u00c9tats-Unis. Nous ne pouvons pas influencer cette utilisation des donn\u00e9es. Pour plus d&rsquo;informations sur l&rsquo;utilisation exacte, consultez la politique de confidentialit\u00e9 de Google \u00e0 l&rsquo;adresse <a>https:\/\/policies.google.com\/privacy?hl=de.<\/a>   <\/p>\n<p>Utilisation de Google Web Fonts<\/p>\n<p>Ce site web utilise Google Fonts pour la pr\u00e9sentation selon l&rsquo;identit\u00e9 visuelle d\u00e9finie de cette entreprise. L&rsquo;utilisation de ce site web charge les polices n\u00e9cessaires \u00e0 partir d&rsquo;un serveur de Google afin que les textes puissent \u00eatre affich\u00e9s correctement. Si votre ordinateur ne prend pas en charge l&rsquo;utilisation de Google Fonts, une police similaire sera charg\u00e9e directement depuis votre ordinateur. Pour plus d&rsquo;informations sur Google Web Fonts, consultez <a>le site https:\/\/developers.google.com\/fonts\/faqeinsehbar.<\/a>   <\/p>\n<p><strong>Utilisation de YouTube<\/strong><\/p>\n<p>Ce site web utilise des plugins du site YouTube exploit\u00e9 par Google. L&rsquo;exploitant de ces pages est YouTube, LLC, 901 Cherry Ave., San Bruno, CA 94066, USA. Lorsque vous visitez l&rsquo;une de nos pages \u00e9quip\u00e9es d&rsquo;un plug-in YouTube, une connexion est \u00e9tablie avec les serveurs de YouTube. Le serveur Youtube est alors inform\u00e9 des pages que vous avez visit\u00e9es.<\/p>\n<p>Si vous \u00eates connect\u00e9 \u00e0 votre compte YouTube, vous permettez \u00e0 YouTube d&rsquo;associer votre comportement de navigation directement \u00e0 votre profil personnel. Vous pouvez emp\u00eacher cela en vous d\u00e9connectant de votre compte YouTube. <\/p>\n<p>Pour plus d&rsquo;informations sur le traitement des donn\u00e9es des utilisateurs, veuillez consulter la d\u00e9claration de confidentialit\u00e9 de YouTube \u00e0 l&rsquo;adresse suivante : D\u00e9claration de confidentialit\u00e9 &#8211; D\u00e9claration de confidentialit\u00e9 et conditions d&rsquo;utilisation &#8211; Google<\/p>\n<p><strong>D\u00e9claration de confidentialit\u00e9 pour le formulaire de contact<\/strong><\/p>\n<p>Si vous nous envoyez des demandes via le formulaire de contact, vos donn\u00e9es personnelles du formulaire de demande, y compris les donn\u00e9es de contact que vous y avez indiqu\u00e9es, seront enregistr\u00e9es et mises \u00e0 notre disposition pour le traitement de la demande et en cas de questions de suivi. Nous ne transmettons pas ces donn\u00e9es sans votre consentement. <\/p>\n<p><strong>D\u00e9claration de protection des donn\u00e9es pour le droit d&rsquo;acc\u00e8s, d&rsquo;effacement et de blocage<\/strong><\/p>\n<p>Vous avez \u00e0 tout moment le droit d&rsquo;obtenir gratuitement des informations sur vos donn\u00e9es personnelles enregistr\u00e9es, sur leur origine et leur destinataire et sur la finalit\u00e9 du traitement des donn\u00e9es, ainsi qu&rsquo;un droit de rectification, de blocage ou de suppression de ces donn\u00e9es. Vous pouvez nous contacter \u00e0 tout moment \u00e0 ce sujet ainsi que pour toute autre question relative aux donn\u00e9es personnelles \u00e0 l&rsquo;adresse indiqu\u00e9e dans les mentions l\u00e9gales. <\/p>\n<p><strong>Droits d&rsquo;auteur et conditions d&rsquo;utilisation<\/strong><\/p>\n<p>En utilisant nos pages web, vous acceptez sans restriction ni r\u00e9serve les conditions de copyright et d&rsquo;utilisation formul\u00e9es ici.<\/p>\n<p><strong>Droits d&rsquo;auteur<\/strong><\/p>\n<p>Les droits d&rsquo;auteur et tous les autres droits li\u00e9s aux contenus, images, photos ou autres fichiers pr\u00e9sents sur le site web appartiennent exclusivement \u00e0 l&rsquo;exploitant de ce site web ou aux titulaires de droits sp\u00e9cialement cit\u00e9s. Pour la reproduction de tous les fichiers, l&rsquo;accord \u00e9crit du d\u00e9tenteur des droits d&rsquo;auteur doit \u00eatre obtenu au pr\u00e9alable. <\/p>\n<p>Toute personne qui commet une infraction au droit d&rsquo;auteur sans l&rsquo;autorisation du titulaire des droits peut \u00eatre punie et, le cas \u00e9ch\u00e9ant, \u00eatre tenue de verser des dommages et int\u00e9r\u00eats.<\/p>\n<p>Nous utilisons en outre des images librement utilisables provenant des plateformes suivantes : Unsplash, etc&#8230; La mention des photographes se fait via des m\u00e9tadonn\u00e9es qui peuvent \u00eatre lues. Si vous le souhaitez, vous pouvez \u00e9galement nous contacter \u00e0 l&rsquo;adresse e-mail ci-dessus. <\/p>\n<p>Des photographes prennent r\u00e9guli\u00e8rement des photos lors de nos \u00e9v\u00e9nements. En assistant \u00e0 nos \u00e9v\u00e9nements, vous acceptez que des photos soient prises de vous. L&rsquo;utilisation de ces images se fait toujours en relation avec le WySchiff.  <\/p>\n<p><strong>Cr\u00e9dits<\/strong><\/p>\n<p>Toutes les images des bateaux de la Wyse et des \u00e9v\u00e9nements sont de Patrick Sayer<a href=\"http:\/\/sayer.ch\" target=\"_blank\" rel=\"noopener noreferrer\">(http:\/\/www.sayer.ch)<\/a> ainsi que de outstanding social media<a href=\"https:\/\/www.instagram.com\/outstandingsocialmedia\/\" target=\"_blank\" rel=\"noopener noreferrer\">(https:\/\/www.instagram.com\/outstandingsocialmedia)<\/a>. Toute utilisation non autoris\u00e9e est interdite. Toutes les autres images proviennent de <a href=\"https:\/\/unsplash.com\/de\" target=\"_blank\" rel=\"noopener noreferrer\">https:\/\/unsplash.com\/<\/a> Cr\u00e9dits ici \u00e0 Alissa de Leva, Lucien Kolly, Maku Kuma et Samuel Zeller.  <\/p>\n<p><strong>Clause de non-responsabilit\u00e9 g\u00e9n\u00e9rale<\/strong><\/p>\n<p>Notre site web est soigneusement contr\u00f4l\u00e9. Nous nous effor\u00e7ons de proposer des informations actuelles, correctes et compl\u00e8tes. N\u00e9anmoins, l&rsquo;apparition d&rsquo;erreurs ne peut \u00eatre exclue, ce qui ne nous permet pas de garantir l&rsquo;exhaustivit\u00e9, l&rsquo;exactitude et l&rsquo;actualit\u00e9 des informations, m\u00eame de nature journalistique et r\u00e9dactionnelle. Toute responsabilit\u00e9 pour des dommages mat\u00e9riels ou immat\u00e9riels caus\u00e9s par l&rsquo;utilisation des informations propos\u00e9es est exclue, sauf en cas de faute intentionnelle ou de n\u00e9gligence grave av\u00e9r\u00e9e.   <\/p>\n<p>L&rsquo;\u00e9diteur peut, \u00e0 sa seule discr\u00e9tion et sans pr\u00e9avis, modifier ou supprimer des textes et n&rsquo;est pas tenu de mettre \u00e0 jour le contenu de ce site. L&rsquo;utilisation ou l&rsquo;acc\u00e8s \u00e0 ce site web se fait aux risques et p\u00e9rils du visiteur. L&rsquo;\u00e9diteur, ses mandants ou ses partenaires ne sont pas responsables des dommages, tels que les dommages directs, indirects, fortuits, \u00e0 d\u00e9terminer concr\u00e8tement \u00e0 l&rsquo;avance ou cons\u00e9cutifs, pr\u00e9tendument caus\u00e9s par la visite de ce site web et n&rsquo;assument par cons\u00e9quent aucune responsabilit\u00e9 \u00e0 cet \u00e9gard.  <\/p>\n<p>L&rsquo;\u00e9diteur d\u00e9cline \u00e9galement toute responsabilit\u00e9 quant au contenu et \u00e0 la disponibilit\u00e9 des sites web de tiers accessibles via des liens externes de ce site web. Seuls les exploitants de ces sites sont responsables de leur contenu. L&rsquo;\u00e9diteur se distancie ainsi express\u00e9ment de tous les contenus de tiers qui pourraient \u00e9ventuellement relever du droit p\u00e9nal ou de la responsabilit\u00e9 civile, ou qui seraient contraires aux bonnes m\u0153urs.  <\/p>\n<p><strong>Modifications<\/strong><\/p>\n<p>Nous pouvons modifier cette d\u00e9claration de confidentialit\u00e9 \u00e0 tout moment et sans pr\u00e9avis. La version en vigueur publi\u00e9e sur notre site web fait foi. <\/p>\n<p><strong>Questions au d\u00e9l\u00e9gu\u00e9 \u00e0 la protection des donn\u00e9es<\/strong><\/p>\n<p>Si vous avez des questions concernant la protection des donn\u00e9es, veuillez nous envoyer un e-mail ou vous adresser directement au(x) responsable(s) de la protection des donn\u00e9es susmentionn\u00e9(s).<\/p>\n<p>Mise \u00e0 jour le 01 septembre 2023.<\/p>\n<\/div><div class=\"fusion-clearfix\"><\/div><\/div><\/div><\/div><\/div>\n","protected":false},"excerpt":{"rendered":"","protected":false},"author":1,"featured_media":0,"parent":0,"menu_order":0,"comment_status":"closed","ping_status":"closed","template":"","meta":{"footnotes":""},"class_list":["post-18765","page","type-page","status-publish","hentry"],"_links":{"self":[{"href":"https:\/\/wyschiff.ch\/fr\/wp-json\/wp\/v2\/pages\/18765"}],"collection":[{"href":"https:\/\/wyschiff.ch\/fr\/wp-json\/wp\/v2\/pages"}],"about":[{"href":"https:\/\/wyschiff.ch\/fr\/wp-json\/wp\/v2\/types\/page"}],"author":[{"embeddable":true,"href":"https:\/\/wyschiff.ch\/fr\/wp-json\/wp\/v2\/users\/1"}],"replies":[{"embeddable":true,"href":"https:\/\/wyschiff.ch\/fr\/wp-json\/wp\/v2\/comments?post=18765"}],"version-history":[{"count":5,"href":"https:\/\/wyschiff.ch\/fr\/wp-json\/wp\/v2\/pages\/18765\/revisions"}],"predecessor-version":[{"id":19872,"href":"https:\/\/wyschiff.ch\/fr\/wp-json\/wp\/v2\/pages\/18765\/revisions\/19872"}],"wp:attachment":[{"href":"https:\/\/wyschiff.ch\/fr\/wp-json\/wp\/v2\/media?parent=18765"}],"curies":[{"name":"wp","href":"https:\/\/api.w.org\/{rel}","templated":true}]}}